{"id":1352,"date":"2021-09-14T14:57:39","date_gmt":"2021-09-14T12:57:39","guid":{"rendered":"https:\/\/ino.si\/bedruckte-selbstklebeetiketten-auf-rolle\/"},"modified":"2021-09-14T14:57:39","modified_gmt":"2021-09-14T12:57:39","slug":"bedruckte-selbstklebeetiketten-auf-rolle","status":"publish","type":"page","link":"https:\/\/ino.si\/de\/etiketten\/bedruckte-selbstklebeetiketten-auf-rolle\/","title":{"rendered":"Bedruckte Selbstklebeetiketten auf Rolle"},"content":{"rendered":"[vc_row full_width=&#8220;stretch_row&#8220; tablet_fullwidth_cols=&#8220;yes&#8220; css=&#8220;.vc_custom_1627305048536{padding-top: 10px !important;padding-bottom: 30px !important;}&#8220;][vc_column width=&#8220;1\/2&#8243; css=&#8220;.vc_custom_1623333327290{margin-bottom: 15px !important;}&#8220;]<h1 class=\"vcex-heading vcex-module wpex-text-2xl wpex-font-normal wpex-m-auto wpex-max-w-100 vcex-heading-plain wpex-h1 wpex-block vc_custom_1627304239799\" style=\"color:var(--wpex-accent);text-transform:uppercase;\"><span class=\"vcex-heading-inner wpex-inline-block wpex-clr\">Bedruckte Selbstklebeetiketten auf Rolle<\/span><\/h1>[vc_column_text css=&#8220;.vc_custom_1627304280289{padding-top: 5px !important;}&#8220;]Wir bieten Ihnen hochqualitativen Druck von Selbstklebeetiketten von Rolle zu Rolle in Flexodruck-Technik. Die Etiketten auf Rolle werden f\u00fcr die Produktion oder andere Zwecke verwendet, wo erh\u00f6hter Bedarf nach Etiketten besteht. Wir bieten Ihnen die M\u00f6glichkeit, unterschiedliche Formate und Ausf\u00fchrungen von Etiketten zu bestellen. Ihre Anspr\u00fcche werden von uns bestm\u00f6glich ber\u00fccksichtigt und die Ausf\u00fchrung der Etiketten entsprechend angepasst.[\/vc_column_text][\/vc_column][vc_column width=&#8220;1\/2&#8243; css=&#8220;.vc_custom_1623333370312{margin-bottom: 10px !important;}&#8220;][vc_single_image image=&#8220;832&#8243; alignment=&#8220;center&#8220; lightbox_custom_img=&#8220;832&#8243;][\/vc_column][\/vc_row]\n","protected":false},"excerpt":{"rendered":"<p>[vc_row full_width=&#8220;stretch_row&#8220; tablet_fullwidth_cols=&#8220;yes&#8220; css=&#8220;.vc_custom_1627305048536{padding-top: 10px !important;padding-bottom: 30px !important;}&#8220;][vc_column width=&#8220;1\/2&#8243; css=&#8220;.vc_custom_1623333327290{margin-bottom: 15px !important;}&#8220;][vc_column_text css=&#8220;.vc_custom_1627304280289{padding-top: 5px !important;}&#8220;]Wir bieten Ihnen hochqualitativen Druck von Selbstklebeetiketten von Rolle zu Rolle in Flexodruck-Technik. Die Etiketten auf Rolle werden f\u00fcr die Produktion oder andere Zwecke verwendet, wo erh\u00f6hter Bedarf nach Etiketten besteht. Wir bieten Ihnen die M\u00f6glichkeit, unterschiedliche Formate und Ausf\u00fchrungen von&hellip;<\/p>\n","protected":false},"author":1,"featured_media":0,"parent":1391,"menu_order":2,"comment_status":"closed","ping_status":"closed","template":"","meta":[],"_links":{"self":[{"href":"https:\/\/ino.si\/de\/wp-json\/wp\/v2\/pages\/1352"}],"collection":[{"href":"https:\/\/ino.si\/de\/wp-json\/wp\/v2\/pages"}],"about":[{"href":"https:\/\/ino.si\/de\/wp-json\/wp\/v2\/types\/page"}],"author":[{"embeddable":true,"href":"https:\/\/ino.si\/de\/wp-json\/wp\/v2\/users\/1"}],"replies":[{"embeddable":true,"href":"https:\/\/ino.si\/de\/wp-json\/wp\/v2\/comments?post=1352"}],"version-history":[{"count":0,"href":"https:\/\/ino.si\/de\/wp-json\/wp\/v2\/pages\/1352\/revisions"}],"up":[{"embeddable":true,"href":"https:\/\/ino.si\/de\/wp-json\/wp\/v2\/pages\/1391"}],"wp:attachment":[{"href":"https:\/\/ino.si\/de\/wp-json\/wp\/v2\/media?parent=1352"}],"curies":[{"name":"wp","href":"https:\/\/api.w.org\/{rel}","templated":true}]}}