{"id":1308,"date":"2021-09-14T14:26:10","date_gmt":"2021-09-14T12:26:10","guid":{"rendered":"https:\/\/ino.si\/sicherheitsetiketten\/"},"modified":"2021-09-14T14:26:10","modified_gmt":"2021-09-14T12:26:10","slug":"sicherheitsetiketten","status":"publish","type":"page","link":"https:\/\/ino.si\/de\/etiketten\/sicherheitsetiketten\/","title":{"rendered":"Sicherheitsetiketten"},"content":{"rendered":"[vc_row full_width=&#8220;stretch_row&#8220; tablet_fullwidth_cols=&#8220;yes&#8220; css=&#8220;.vc_custom_1627307492304{padding-top: 10px !important;padding-bottom: 30px !important;}&#8220;][vc_column width=&#8220;1\/2&#8243; css=&#8220;.vc_custom_1623333327290{margin-bottom: 15px !important;}&#8220;]<h1 class=\"vcex-heading vcex-module wpex-text-2xl wpex-font-normal wpex-m-auto wpex-max-w-100 vcex-heading-plain wpex-h1 wpex-block vc_custom_1627307355352\" style=\"color:var(--wpex-accent);text-transform:uppercase;\"><span class=\"vcex-heading-inner wpex-inline-block wpex-clr\">Sicherheitsetiketten<\/span><\/h1>[vc_column_text css=&#8220;.vc_custom_1627307460716{padding-top: 5px !important;}&#8220;]Sicherheit ist die Grundlage des Vertrauens und der Zusammenarbeit im heutigen gesch\u00e4ftlichen und pers\u00f6nlichen Umfeld. Mit besonderen Schutzelementen gegen F\u00e4lschung und Missbrauch stellen wir die Verwendungssicherheit von Drucksachen und anderer Erzeugnisse sicher.<\/p>\n<p><strong>Auf Wunsch des Kunden verwenden wir verschiedene Sicherheitselemente f\u00fcr die Drucksachen:<\/strong><\/p>\n<ul>\n<li>Schutz vor Beseitigung,<\/li>\n<li>UV-fluoreszierende Farben,<\/li>\n<li>Wasserzeichen,<\/li>\n<li>Hologrammdruck,<\/li>\n<li>Nummerierung.<\/li>\n<\/ul>\n[\/vc_column_text][\/vc_column][vc_column width=&#8220;1\/2&#8243; css=&#8220;.vc_custom_1623333370312{margin-bottom: 10px !important;}&#8220;][vc_single_image image=&#8220;1009&#8243; alignment=&#8220;center&#8220; lightbox_custom_img=&#8220;872&#8243;][\/vc_column][\/vc_row]\n","protected":false},"excerpt":{"rendered":"<p>[vc_row full_width=&#8220;stretch_row&#8220; tablet_fullwidth_cols=&#8220;yes&#8220; css=&#8220;.vc_custom_1627307492304{padding-top: 10px !important;padding-bottom: 30px !important;}&#8220;][vc_column width=&#8220;1\/2&#8243; css=&#8220;.vc_custom_1623333327290{margin-bottom: 15px !important;}&#8220;][vc_column_text css=&#8220;.vc_custom_1627307460716{padding-top: 5px !important;}&#8220;]Sicherheit ist die Grundlage des Vertrauens und der Zusammenarbeit im heutigen gesch\u00e4ftlichen und pers\u00f6nlichen Umfeld. Mit besonderen Schutzelementen gegen F\u00e4lschung und Missbrauch stellen wir die Verwendungssicherheit von Drucksachen und anderer Erzeugnisse sicher. Auf Wunsch des Kunden verwenden wir verschiedene Sicherheitselemente f\u00fcr&hellip;<\/p>\n","protected":false},"author":1,"featured_media":0,"parent":1391,"menu_order":8,"comment_status":"closed","ping_status":"closed","template":"","meta":[],"_links":{"self":[{"href":"https:\/\/ino.si\/de\/wp-json\/wp\/v2\/pages\/1308"}],"collection":[{"href":"https:\/\/ino.si\/de\/wp-json\/wp\/v2\/pages"}],"about":[{"href":"https:\/\/ino.si\/de\/wp-json\/wp\/v2\/types\/page"}],"author":[{"embeddable":true,"href":"https:\/\/ino.si\/de\/wp-json\/wp\/v2\/users\/1"}],"replies":[{"embeddable":true,"href":"https:\/\/ino.si\/de\/wp-json\/wp\/v2\/comments?post=1308"}],"version-history":[{"count":0,"href":"https:\/\/ino.si\/de\/wp-json\/wp\/v2\/pages\/1308\/revisions"}],"up":[{"embeddable":true,"href":"https:\/\/ino.si\/de\/wp-json\/wp\/v2\/pages\/1391"}],"wp:attachment":[{"href":"https:\/\/ino.si\/de\/wp-json\/wp\/v2\/media?parent=1308"}],"curies":[{"name":"wp","href":"https:\/\/api.w.org\/{rel}","templated":true}]}}