{"id":1251,"date":"2021-09-14T13:50:30","date_gmt":"2021-09-14T11:50:30","guid":{"rendered":"https:\/\/ino.si\/wickeletiketten-wrap-around\/"},"modified":"2021-09-14T13:50:31","modified_gmt":"2021-09-14T11:50:31","slug":"wickeletiketten-wrap-around","status":"publish","type":"page","link":"https:\/\/ino.si\/de\/etiketten\/wickeletiketten-wrap-around\/","title":{"rendered":"Wickeletiketten &#8211; wrap around"},"content":{"rendered":"[vc_row full_width=&#8220;stretch_row&#8220; tablet_fullwidth_cols=&#8220;yes&#8220; css=&#8220;.vc_custom_1627306459128{padding-top: 10px !important;padding-bottom: 30px !important;}&#8220;][vc_column width=&#8220;1\/2&#8243; css=&#8220;.vc_custom_1623333327290{margin-bottom: 15px !important;}&#8220;]<h1 class=\"vcex-heading vcex-module wpex-text-2xl wpex-font-normal wpex-m-auto wpex-max-w-100 vcex-heading-plain wpex-h1 wpex-block vc_custom_1627306417267\" style=\"color:var(--wpex-accent);text-transform:uppercase;\"><span class=\"vcex-heading-inner wpex-inline-block wpex-clr\">Wickeletiketten - wrap around<\/span><\/h1>[vc_column_text css=&#8220;.vc_custom_1627306451022{padding-top: 5px !important;}&#8220;]Wickeletiketten (Wrap-around-Labels) werden zur Produktetikettierung in der Ern\u00e4hrungsindustrie verwendet, vor allem f\u00fcr das Einwickeln von Getr\u00e4nkeverpackungen (Wasser, Fruchts\u00e4fte, S\u00e4fte und andere).[\/vc_column_text][\/vc_column][vc_column width=&#8220;1\/2&#8243; css=&#8220;.vc_custom_1623333370312{margin-bottom: 10px !important;}&#8220;][vc_single_image image=&#8220;864&#8243; alignment=&#8220;center&#8220; lightbox_custom_img=&#8220;864&#8243;][\/vc_column][\/vc_row]\n","protected":false},"excerpt":{"rendered":"<p>[vc_row full_width=&#8220;stretch_row&#8220; tablet_fullwidth_cols=&#8220;yes&#8220; css=&#8220;.vc_custom_1627306459128{padding-top: 10px !important;padding-bottom: 30px !important;}&#8220;][vc_column width=&#8220;1\/2&#8243; css=&#8220;.vc_custom_1623333327290{margin-bottom: 15px !important;}&#8220;][vc_column_text css=&#8220;.vc_custom_1627306451022{padding-top: 5px !important;}&#8220;]Wickeletiketten (Wrap-around-Labels) werden zur Produktetikettierung in der Ern\u00e4hrungsindustrie verwendet, vor allem f\u00fcr das Einwickeln von Getr\u00e4nkeverpackungen (Wasser, Fruchts\u00e4fte, S\u00e4fte und andere).[\/vc_column_text][\/vc_column][vc_column width=&#8220;1\/2&#8243; css=&#8220;.vc_custom_1623333370312{margin-bottom: 10px !important;}&#8220;][vc_single_image image=&#8220;864&#8243; alignment=&#8220;center&#8220; lightbox_custom_img=&#8220;864&#8243;][\/vc_column][\/vc_row]<\/p>\n","protected":false},"author":1,"featured_media":0,"parent":1391,"menu_order":6,"comment_status":"closed","ping_status":"closed","template":"","meta":[],"_links":{"self":[{"href":"https:\/\/ino.si\/de\/wp-json\/wp\/v2\/pages\/1251"}],"collection":[{"href":"https:\/\/ino.si\/de\/wp-json\/wp\/v2\/pages"}],"about":[{"href":"https:\/\/ino.si\/de\/wp-json\/wp\/v2\/types\/page"}],"author":[{"embeddable":true,"href":"https:\/\/ino.si\/de\/wp-json\/wp\/v2\/users\/1"}],"replies":[{"embeddable":true,"href":"https:\/\/ino.si\/de\/wp-json\/wp\/v2\/comments?post=1251"}],"version-history":[{"count":0,"href":"https:\/\/ino.si\/de\/wp-json\/wp\/v2\/pages\/1251\/revisions"}],"up":[{"embeddable":true,"href":"https:\/\/ino.si\/de\/wp-json\/wp\/v2\/pages\/1391"}],"wp:attachment":[{"href":"https:\/\/ino.si\/de\/wp-json\/wp\/v2\/media?parent=1251"}],"curies":[{"name":"wp","href":"https:\/\/api.w.org\/{rel}","templated":true}]}}