{"id":1160,"date":"2021-09-14T12:20:09","date_gmt":"2021-09-14T10:20:09","guid":{"rendered":"https:\/\/ino.si\/shrink-sleeves\/"},"modified":"2021-10-08T13:57:01","modified_gmt":"2021-10-08T11:57:01","slug":"shrink-sleeves","status":"publish","type":"page","link":"https:\/\/ino.si\/de\/shrink-sleeves\/","title":{"rendered":"Shrink sleeves"},"content":{"rendered":"[vc_row full_width=&#8220;stretch_row&#8220; tablet_fullwidth_cols=&#8220;yes&#8220; css=&#8220;.vc_custom_1626877488045{padding-top: 10px !important;padding-bottom: 10px !important;}&#8220;][vc_column width=&#8220;1\/2&#8243; css=&#8220;.vc_custom_1623333327290{margin-bottom: 15px !important;}&#8220;]<h1 class=\"vcex-heading vcex-module wpex-text-2xl wpex-font-normal wpex-m-auto wpex-max-w-100 vcex-heading-plain wpex-h1 wpex-block vc_custom_1627296167288\" style=\"color:var(--wpex-accent);text-transform:uppercase;\"><span class=\"vcex-heading-inner wpex-inline-block wpex-clr\">Shrink sleeves<\/span><\/h1>[vc_column_text css=&#8220;.vc_custom_1633694137940{padding-top: 5px !important;}&#8220;]<strong>Flexodruck mit bis zu 10 Farben und besonderen Effekten.<\/strong><\/p>\n<p>Shrink sleeve (heat shrinkable label \u2013 sleeve) stellen eine sehr wirtschaftliche M\u00f6glichkeit f\u00fcr das Formen von flexiblen Prim\u00e4rverpackungen dar.<\/p>\n<p>Die bedruckte Folie (Sleeve) wird am Produkt, an den Kunststoffbechern und -flaschen angebracht und passt sich unter W\u00e4rmeeinwirkung an die Verpackungsform an. Die Produkte k\u00f6nnen f\u00fcr verschiedene Zwecke verwendet werden, wobei \u00fcberall die Flexibilit\u00e4t in der Verwendung und die gro\u00dfen Druckm\u00f6glichkeiten zum Tragen kommen.<\/p>\n<p>Eine bedeutende positive Eigenschaft der Sleeves ist die Veredelung der Verpackung, die somit anziehend auf die K\u00e4ufer Ihres Produkts wirkt.<\/p>\n<p>Das Hauptmaterial, das bei der Herstellung von Sleeves verwendet wird, ist eine Shrink-Sleeve-Folien (PVC, OPS, PET). Mit Blick auf die Zukunft haben wir auch damit begonnen, recycelbares Material Polyolefin und waschbare Tinten zu verwenden.[\/vc_column_text][\/vc_column][vc_column width=&#8220;1\/2&#8243; css=&#8220;.vc_custom_1623333370312{margin-bottom: 10px !important;}&#8220;][vc_single_image image=&#8220;1202&#8243; alignment=&#8220;center&#8220; lightbox_custom_img=&#8220;681&#8243;][\/vc_column][\/vc_row][vc_row full_width=&#8220;stretch_row&#8220; tablet_fullwidth_cols=&#8220;yes&#8220; el_id=&#8220;ino__gallery&#8220;][vc_column]<h1 class=\"vcex-heading vcex-module wpex-text-2xl wpex-font-normal wpex-m-auto wpex-max-w-100 vcex-heading-plain wpex-h1 wpex-block vc_custom_1624957912080\" style=\"color:var(--wpex-accent);text-transform:uppercase;\"><span class=\"vcex-heading-inner wpex-inline-block wpex-clr\">Galerie<\/span><\/h1><div class=\"vcex-image-grid-wrap wpex-clr\"><div class=\"vcex-image-grid-css-wrapper vc_custom_1626901191405\"><div class=\"vcex-module vcex-image-grid wpex-clr grid-style-default wpex-row gap-20 wpex-lightbox-group\"><div class=\"id-1199 vcex-image-grid-entry vcex-grid-item textcenter span_1_of_4 span_1_of_4_tl span_1_of_2_tp span_1_of_3_pl span_1_of_1_pp col col-1\"><figure class=\"vcex-image-grid-entry-figure wpex-last-mb-0 wpex-clr\"><div class=\"vcex-image-grid-entry-img entry-media wpex-mb-20\"><a href=\"https:\/\/ino.si\/wp-content\/uploads\/2021\/07\/ino__termokrcljivi_rokavi_i03.jpg\" class=\"vcex-image-grid-entry-img wpex-lightbox-group-item\" ><img width=\"1920\" height=\"1200\" src=\"https:\/\/ino.si\/wp-content\/uploads\/2021\/07\/ino__termokrcljivi_rokavi_i03.jpg\" class=\"wpex-align-middle\" alt=\"Shrink sleeves\" decoding=\"async\" loading=\"lazy\" srcset=\"https:\/\/ino.si\/wp-content\/uploads\/2021\/07\/ino__termokrcljivi_rokavi_i03.jpg 1920w, https:\/\/ino.si\/wp-content\/uploads\/2021\/07\/ino__termokrcljivi_rokavi_i03-300x188.jpg 300w, https:\/\/ino.si\/wp-content\/uploads\/2021\/07\/ino__termokrcljivi_rokavi_i03-1024x640.jpg 1024w, https:\/\/ino.si\/wp-content\/uploads\/2021\/07\/ino__termokrcljivi_rokavi_i03-768x480.jpg 768w, https:\/\/ino.si\/wp-content\/uploads\/2021\/07\/ino__termokrcljivi_rokavi_i03-1536x960.jpg 1536w\" sizes=\"(max-width: 1920px) 100vw, 1920px\" \/><\/a><\/div><\/figure><\/div><div class=\"id-1163 vcex-image-grid-entry vcex-grid-item textcenter span_1_of_4 span_1_of_4_tl span_1_of_2_tp span_1_of_3_pl span_1_of_1_pp col col-2\"><figure class=\"vcex-image-grid-entry-figure wpex-last-mb-0 wpex-clr\"><div class=\"vcex-image-grid-entry-img entry-media wpex-mb-20\"><a href=\"https:\/\/ino.si\/wp-content\/uploads\/2021\/07\/ino__termokrcljivi_rokavi_i15.jpg\" class=\"vcex-image-grid-entry-img wpex-lightbox-group-item\" ><img width=\"1920\" height=\"1200\" src=\"https:\/\/ino.si\/wp-content\/uploads\/2021\/07\/ino__termokrcljivi_rokavi_i15.jpg\" class=\"wpex-align-middle\" alt=\"Shrink sleeves\" decoding=\"async\" loading=\"lazy\" srcset=\"https:\/\/ino.si\/wp-content\/uploads\/2021\/07\/ino__termokrcljivi_rokavi_i15.jpg 1920w, https:\/\/ino.si\/wp-content\/uploads\/2021\/07\/ino__termokrcljivi_rokavi_i15-300x188.jpg 300w, https:\/\/ino.si\/wp-content\/uploads\/2021\/07\/ino__termokrcljivi_rokavi_i15-1024x640.jpg 1024w, https:\/\/ino.si\/wp-content\/uploads\/2021\/07\/ino__termokrcljivi_rokavi_i15-768x480.jpg 768w, https:\/\/ino.si\/wp-content\/uploads\/2021\/07\/ino__termokrcljivi_rokavi_i15-1536x960.jpg 1536w\" sizes=\"(max-width: 1920px) 100vw, 1920px\" \/><\/a><\/div><\/figure><\/div><div class=\"id-1196 vcex-image-grid-entry vcex-grid-item textcenter span_1_of_4 span_1_of_4_tl span_1_of_2_tp span_1_of_3_pl span_1_of_1_pp col col-3\"><figure class=\"vcex-image-grid-entry-figure wpex-last-mb-0 wpex-clr\"><div class=\"vcex-image-grid-entry-img entry-media wpex-mb-20\"><a href=\"https:\/\/ino.si\/wp-content\/uploads\/2021\/07\/ino__termokrcljivi_rokavi_i04.jpg\" class=\"vcex-image-grid-entry-img wpex-lightbox-group-item\" ><img width=\"1920\" height=\"1200\" src=\"https:\/\/ino.si\/wp-content\/uploads\/2021\/07\/ino__termokrcljivi_rokavi_i04.jpg\" class=\"wpex-align-middle\" alt=\"Shrink sleeves\" decoding=\"async\" loading=\"lazy\" srcset=\"https:\/\/ino.si\/wp-content\/uploads\/2021\/07\/ino__termokrcljivi_rokavi_i04.jpg 1920w, https:\/\/ino.si\/wp-content\/uploads\/2021\/07\/ino__termokrcljivi_rokavi_i04-300x188.jpg 300w, https:\/\/ino.si\/wp-content\/uploads\/2021\/07\/ino__termokrcljivi_rokavi_i04-1024x640.jpg 1024w, https:\/\/ino.si\/wp-content\/uploads\/2021\/07\/ino__termokrcljivi_rokavi_i04-768x480.jpg 768w, https:\/\/ino.si\/wp-content\/uploads\/2021\/07\/ino__termokrcljivi_rokavi_i04-1536x960.jpg 1536w\" sizes=\"(max-width: 1920px) 100vw, 1920px\" \/><\/a><\/div><\/figure><\/div><div class=\"id-1193 vcex-image-grid-entry vcex-grid-item textcenter span_1_of_4 span_1_of_4_tl span_1_of_2_tp span_1_of_3_pl span_1_of_1_pp col col-4\"><figure class=\"vcex-image-grid-entry-figure wpex-last-mb-0 wpex-clr\"><div class=\"vcex-image-grid-entry-img entry-media wpex-mb-20\"><a href=\"https:\/\/ino.si\/wp-content\/uploads\/2021\/07\/ino__termokrcljivi_rokavi_i05.jpg\" class=\"vcex-image-grid-entry-img wpex-lightbox-group-item\" ><img width=\"1920\" height=\"1200\" src=\"https:\/\/ino.si\/wp-content\/uploads\/2021\/07\/ino__termokrcljivi_rokavi_i05.jpg\" class=\"wpex-align-middle\" alt=\"Shrink sleeves\" decoding=\"async\" loading=\"lazy\" srcset=\"https:\/\/ino.si\/wp-content\/uploads\/2021\/07\/ino__termokrcljivi_rokavi_i05.jpg 1920w, https:\/\/ino.si\/wp-content\/uploads\/2021\/07\/ino__termokrcljivi_rokavi_i05-300x188.jpg 300w, https:\/\/ino.si\/wp-content\/uploads\/2021\/07\/ino__termokrcljivi_rokavi_i05-1024x640.jpg 1024w, https:\/\/ino.si\/wp-content\/uploads\/2021\/07\/ino__termokrcljivi_rokavi_i05-768x480.jpg 768w, https:\/\/ino.si\/wp-content\/uploads\/2021\/07\/ino__termokrcljivi_rokavi_i05-1536x960.jpg 1536w\" sizes=\"(max-width: 1920px) 100vw, 1920px\" \/><\/a><\/div><\/figure><\/div><div class=\"id-1169 vcex-image-grid-entry vcex-grid-item textcenter span_1_of_4 span_1_of_4_tl span_1_of_2_tp span_1_of_3_pl span_1_of_1_pp col col-1\"><figure class=\"vcex-image-grid-entry-figure wpex-last-mb-0 wpex-clr\"><div class=\"vcex-image-grid-entry-img entry-media wpex-mb-20\"><a href=\"https:\/\/ino.si\/wp-content\/uploads\/2021\/07\/ino__termokrcljivi_rokavi_i13.jpg\" class=\"vcex-image-grid-entry-img wpex-lightbox-group-item\" ><img width=\"1920\" height=\"1200\" src=\"https:\/\/ino.si\/wp-content\/uploads\/2021\/07\/ino__termokrcljivi_rokavi_i13.jpg\" class=\"wpex-align-middle\" alt=\"Shrink sleeves\" decoding=\"async\" loading=\"lazy\" srcset=\"https:\/\/ino.si\/wp-content\/uploads\/2021\/07\/ino__termokrcljivi_rokavi_i13.jpg 1920w, https:\/\/ino.si\/wp-content\/uploads\/2021\/07\/ino__termokrcljivi_rokavi_i13-300x188.jpg 300w, https:\/\/ino.si\/wp-content\/uploads\/2021\/07\/ino__termokrcljivi_rokavi_i13-1024x640.jpg 1024w, https:\/\/ino.si\/wp-content\/uploads\/2021\/07\/ino__termokrcljivi_rokavi_i13-768x480.jpg 768w, https:\/\/ino.si\/wp-content\/uploads\/2021\/07\/ino__termokrcljivi_rokavi_i13-1536x960.jpg 1536w\" sizes=\"(max-width: 1920px) 100vw, 1920px\" \/><\/a><\/div><\/figure><\/div><div class=\"id-1190 vcex-image-grid-entry vcex-grid-item textcenter span_1_of_4 span_1_of_4_tl span_1_of_2_tp span_1_of_3_pl span_1_of_1_pp col col-2\"><figure class=\"vcex-image-grid-entry-figure wpex-last-mb-0 wpex-clr\"><div class=\"vcex-image-grid-entry-img entry-media wpex-mb-20\"><a href=\"https:\/\/ino.si\/wp-content\/uploads\/2021\/07\/ino__termokrcljivi_rokavi_i06.jpg\" class=\"vcex-image-grid-entry-img wpex-lightbox-group-item\" ><img width=\"1920\" height=\"1200\" src=\"https:\/\/ino.si\/wp-content\/uploads\/2021\/07\/ino__termokrcljivi_rokavi_i06.jpg\" class=\"wpex-align-middle\" alt=\"Shrink sleeves\" decoding=\"async\" loading=\"lazy\" srcset=\"https:\/\/ino.si\/wp-content\/uploads\/2021\/07\/ino__termokrcljivi_rokavi_i06.jpg 1920w, https:\/\/ino.si\/wp-content\/uploads\/2021\/07\/ino__termokrcljivi_rokavi_i06-300x188.jpg 300w, https:\/\/ino.si\/wp-content\/uploads\/2021\/07\/ino__termokrcljivi_rokavi_i06-1024x640.jpg 1024w, https:\/\/ino.si\/wp-content\/uploads\/2021\/07\/ino__termokrcljivi_rokavi_i06-768x480.jpg 768w, https:\/\/ino.si\/wp-content\/uploads\/2021\/07\/ino__termokrcljivi_rokavi_i06-1536x960.jpg 1536w\" sizes=\"(max-width: 1920px) 100vw, 1920px\" \/><\/a><\/div><\/figure><\/div><div class=\"id-1187 vcex-image-grid-entry vcex-grid-item textcenter span_1_of_4 span_1_of_4_tl span_1_of_2_tp span_1_of_3_pl span_1_of_1_pp col col-3\"><figure class=\"vcex-image-grid-entry-figure wpex-last-mb-0 wpex-clr\"><div class=\"vcex-image-grid-entry-img entry-media wpex-mb-20\"><a href=\"https:\/\/ino.si\/wp-content\/uploads\/2021\/07\/ino__termokrcljivi_rokavi_i07.jpg\" class=\"vcex-image-grid-entry-img wpex-lightbox-group-item\" ><img width=\"1920\" height=\"1200\" src=\"https:\/\/ino.si\/wp-content\/uploads\/2021\/07\/ino__termokrcljivi_rokavi_i07.jpg\" class=\"wpex-align-middle\" alt=\"Shrink sleeves\" decoding=\"async\" loading=\"lazy\" srcset=\"https:\/\/ino.si\/wp-content\/uploads\/2021\/07\/ino__termokrcljivi_rokavi_i07.jpg 1920w, https:\/\/ino.si\/wp-content\/uploads\/2021\/07\/ino__termokrcljivi_rokavi_i07-300x188.jpg 300w, https:\/\/ino.si\/wp-content\/uploads\/2021\/07\/ino__termokrcljivi_rokavi_i07-1024x640.jpg 1024w, https:\/\/ino.si\/wp-content\/uploads\/2021\/07\/ino__termokrcljivi_rokavi_i07-768x480.jpg 768w, https:\/\/ino.si\/wp-content\/uploads\/2021\/07\/ino__termokrcljivi_rokavi_i07-1536x960.jpg 1536w\" sizes=\"(max-width: 1920px) 100vw, 1920px\" \/><\/a><\/div><\/figure><\/div><div class=\"id-1184 vcex-image-grid-entry vcex-grid-item textcenter span_1_of_4 span_1_of_4_tl span_1_of_2_tp span_1_of_3_pl span_1_of_1_pp col col-4\"><figure class=\"vcex-image-grid-entry-figure wpex-last-mb-0 wpex-clr\"><div class=\"vcex-image-grid-entry-img entry-media wpex-mb-20\"><a href=\"https:\/\/ino.si\/wp-content\/uploads\/2021\/07\/ino__termokrcljivi_rokavi_i08.jpg\" class=\"vcex-image-grid-entry-img wpex-lightbox-group-item\" ><img width=\"1920\" height=\"1200\" src=\"https:\/\/ino.si\/wp-content\/uploads\/2021\/07\/ino__termokrcljivi_rokavi_i08.jpg\" class=\"wpex-align-middle\" alt=\"Shrink sleeves\" decoding=\"async\" loading=\"lazy\" srcset=\"https:\/\/ino.si\/wp-content\/uploads\/2021\/07\/ino__termokrcljivi_rokavi_i08.jpg 1920w, https:\/\/ino.si\/wp-content\/uploads\/2021\/07\/ino__termokrcljivi_rokavi_i08-300x188.jpg 300w, https:\/\/ino.si\/wp-content\/uploads\/2021\/07\/ino__termokrcljivi_rokavi_i08-1024x640.jpg 1024w, https:\/\/ino.si\/wp-content\/uploads\/2021\/07\/ino__termokrcljivi_rokavi_i08-768x480.jpg 768w, https:\/\/ino.si\/wp-content\/uploads\/2021\/07\/ino__termokrcljivi_rokavi_i08-1536x960.jpg 1536w\" sizes=\"(max-width: 1920px) 100vw, 1920px\" \/><\/a><\/div><\/figure><\/div><div class=\"id-1181 vcex-image-grid-entry vcex-grid-item textcenter span_1_of_4 span_1_of_4_tl span_1_of_2_tp span_1_of_3_pl span_1_of_1_pp col col-1\"><figure class=\"vcex-image-grid-entry-figure wpex-last-mb-0 wpex-clr\"><div class=\"vcex-image-grid-entry-img entry-media wpex-mb-20\"><a href=\"https:\/\/ino.si\/wp-content\/uploads\/2021\/07\/ino__termokrcljivi_rokavi_i09.jpg\" class=\"vcex-image-grid-entry-img wpex-lightbox-group-item\" ><img width=\"1920\" height=\"1200\" src=\"https:\/\/ino.si\/wp-content\/uploads\/2021\/07\/ino__termokrcljivi_rokavi_i09.jpg\" class=\"wpex-align-middle\" alt=\"Shrink sleeves\" decoding=\"async\" loading=\"lazy\" srcset=\"https:\/\/ino.si\/wp-content\/uploads\/2021\/07\/ino__termokrcljivi_rokavi_i09.jpg 1920w, https:\/\/ino.si\/wp-content\/uploads\/2021\/07\/ino__termokrcljivi_rokavi_i09-300x188.jpg 300w, https:\/\/ino.si\/wp-content\/uploads\/2021\/07\/ino__termokrcljivi_rokavi_i09-1024x640.jpg 1024w, https:\/\/ino.si\/wp-content\/uploads\/2021\/07\/ino__termokrcljivi_rokavi_i09-768x480.jpg 768w, https:\/\/ino.si\/wp-content\/uploads\/2021\/07\/ino__termokrcljivi_rokavi_i09-1536x960.jpg 1536w\" sizes=\"(max-width: 1920px) 100vw, 1920px\" \/><\/a><\/div><\/figure><\/div><div class=\"id-1178 vcex-image-grid-entry vcex-grid-item textcenter span_1_of_4 span_1_of_4_tl span_1_of_2_tp span_1_of_3_pl span_1_of_1_pp col col-2\"><figure class=\"vcex-image-grid-entry-figure wpex-last-mb-0 wpex-clr\"><div class=\"vcex-image-grid-entry-img entry-media wpex-mb-20\"><a href=\"https:\/\/ino.si\/wp-content\/uploads\/2021\/07\/ino__termokrcljivi_rokavi_i10.jpg\" class=\"vcex-image-grid-entry-img wpex-lightbox-group-item\" ><img width=\"1920\" height=\"1200\" src=\"https:\/\/ino.si\/wp-content\/uploads\/2021\/07\/ino__termokrcljivi_rokavi_i10.jpg\" class=\"wpex-align-middle\" alt=\"Shrink sleeves\" decoding=\"async\" loading=\"lazy\" srcset=\"https:\/\/ino.si\/wp-content\/uploads\/2021\/07\/ino__termokrcljivi_rokavi_i10.jpg 1920w, https:\/\/ino.si\/wp-content\/uploads\/2021\/07\/ino__termokrcljivi_rokavi_i10-300x188.jpg 300w, https:\/\/ino.si\/wp-content\/uploads\/2021\/07\/ino__termokrcljivi_rokavi_i10-1024x640.jpg 1024w, https:\/\/ino.si\/wp-content\/uploads\/2021\/07\/ino__termokrcljivi_rokavi_i10-768x480.jpg 768w, https:\/\/ino.si\/wp-content\/uploads\/2021\/07\/ino__termokrcljivi_rokavi_i10-1536x960.jpg 1536w\" sizes=\"(max-width: 1920px) 100vw, 1920px\" \/><\/a><\/div><\/figure><\/div><div class=\"id-1175 vcex-image-grid-entry vcex-grid-item textcenter span_1_of_4 span_1_of_4_tl span_1_of_2_tp span_1_of_3_pl span_1_of_1_pp col col-3\"><figure class=\"vcex-image-grid-entry-figure wpex-last-mb-0 wpex-clr\"><div class=\"vcex-image-grid-entry-img entry-media wpex-mb-20\"><a href=\"https:\/\/ino.si\/wp-content\/uploads\/2021\/07\/ino__termokrcljivi_rokavi_i11.jpg\" class=\"vcex-image-grid-entry-img wpex-lightbox-group-item\" ><img width=\"1920\" height=\"1200\" src=\"https:\/\/ino.si\/wp-content\/uploads\/2021\/07\/ino__termokrcljivi_rokavi_i11.jpg\" class=\"wpex-align-middle\" alt=\"Shrink sleeves\" decoding=\"async\" loading=\"lazy\" srcset=\"https:\/\/ino.si\/wp-content\/uploads\/2021\/07\/ino__termokrcljivi_rokavi_i11.jpg 1920w, https:\/\/ino.si\/wp-content\/uploads\/2021\/07\/ino__termokrcljivi_rokavi_i11-300x188.jpg 300w, https:\/\/ino.si\/wp-content\/uploads\/2021\/07\/ino__termokrcljivi_rokavi_i11-1024x640.jpg 1024w, https:\/\/ino.si\/wp-content\/uploads\/2021\/07\/ino__termokrcljivi_rokavi_i11-768x480.jpg 768w, https:\/\/ino.si\/wp-content\/uploads\/2021\/07\/ino__termokrcljivi_rokavi_i11-1536x960.jpg 1536w\" sizes=\"(max-width: 1920px) 100vw, 1920px\" \/><\/a><\/div><\/figure><\/div><div class=\"id-1166 vcex-image-grid-entry vcex-grid-item textcenter span_1_of_4 span_1_of_4_tl span_1_of_2_tp span_1_of_3_pl span_1_of_1_pp col col-4\"><figure class=\"vcex-image-grid-entry-figure wpex-last-mb-0 wpex-clr\"><div class=\"vcex-image-grid-entry-img entry-media wpex-mb-20\"><a href=\"https:\/\/ino.si\/wp-content\/uploads\/2021\/07\/ino__termokrcljivi_rokavi_i14.jpg\" class=\"vcex-image-grid-entry-img wpex-lightbox-group-item\" ><img width=\"1920\" height=\"1200\" src=\"https:\/\/ino.si\/wp-content\/uploads\/2021\/07\/ino__termokrcljivi_rokavi_i14.jpg\" class=\"wpex-align-middle\" alt=\"Shrink sleeves\" decoding=\"async\" loading=\"lazy\" srcset=\"https:\/\/ino.si\/wp-content\/uploads\/2021\/07\/ino__termokrcljivi_rokavi_i14.jpg 1920w, https:\/\/ino.si\/wp-content\/uploads\/2021\/07\/ino__termokrcljivi_rokavi_i14-300x188.jpg 300w, https:\/\/ino.si\/wp-content\/uploads\/2021\/07\/ino__termokrcljivi_rokavi_i14-1024x640.jpg 1024w, https:\/\/ino.si\/wp-content\/uploads\/2021\/07\/ino__termokrcljivi_rokavi_i14-768x480.jpg 768w, https:\/\/ino.si\/wp-content\/uploads\/2021\/07\/ino__termokrcljivi_rokavi_i14-1536x960.jpg 1536w\" sizes=\"(max-width: 1920px) 100vw, 1920px\" \/><\/a><\/div><\/figure><\/div><\/div><\/div><\/div>[\/vc_column][\/vc_row]\n","protected":false},"excerpt":{"rendered":"<p>[vc_row full_width=&#8220;stretch_row&#8220; tablet_fullwidth_cols=&#8220;yes&#8220; css=&#8220;.vc_custom_1626877488045{padding-top: 10px !important;padding-bottom: 10px !important;}&#8220;][vc_column width=&#8220;1\/2&#8243; css=&#8220;.vc_custom_1623333327290{margin-bottom: 15px !important;}&#8220;][vc_column_text css=&#8220;.vc_custom_1633694137940{padding-top: 5px !important;}&#8220;]Flexodruck mit bis zu 10 Farben und besonderen Effekten. Shrink sleeve (heat shrinkable label \u2013 sleeve) stellen eine sehr wirtschaftliche M\u00f6glichkeit f\u00fcr das Formen von flexiblen Prim\u00e4rverpackungen dar. Die bedruckte Folie (Sleeve) wird am Produkt, an den Kunststoffbechern und -flaschen angebracht&hellip;<\/p>\n","protected":false},"author":1,"featured_media":0,"parent":0,"menu_order":0,"comment_status":"closed","ping_status":"closed","template":"","meta":[],"_links":{"self":[{"href":"https:\/\/ino.si\/de\/wp-json\/wp\/v2\/pages\/1160"}],"collection":[{"href":"https:\/\/ino.si\/de\/wp-json\/wp\/v2\/pages"}],"about":[{"href":"https:\/\/ino.si\/de\/wp-json\/wp\/v2\/types\/page"}],"author":[{"embeddable":true,"href":"https:\/\/ino.si\/de\/wp-json\/wp\/v2\/users\/1"}],"replies":[{"embeddable":true,"href":"https:\/\/ino.si\/de\/wp-json\/wp\/v2\/comments?post=1160"}],"version-history":[{"count":4,"href":"https:\/\/ino.si\/de\/wp-json\/wp\/v2\/pages\/1160\/revisions"}],"predecessor-version":[{"id":1799,"href":"https:\/\/ino.si\/de\/wp-json\/wp\/v2\/pages\/1160\/revisions\/1799"}],"wp:attachment":[{"href":"https:\/\/ino.si\/de\/wp-json\/wp\/v2\/media?parent=1160"}],"curies":[{"name":"wp","href":"https:\/\/api.w.org\/{rel}","templated":true}]}}