{"id":1105,"date":"2021-09-14T12:03:16","date_gmt":"2021-09-14T10:03:16","guid":{"rendered":"https:\/\/ino.si\/aluminiumdeckel\/"},"modified":"2021-09-14T13:46:40","modified_gmt":"2021-09-14T11:46:40","slug":"aluminiumdeckel","status":"publish","type":"page","link":"https:\/\/ino.si\/de\/aluminiumdeckel\/","title":{"rendered":"Aluminiumdeckel"},"content":{"rendered":"[vc_row full_width=&#8220;stretch_row&#8220; tablet_fullwidth_cols=&#8220;yes&#8220; css=&#8220;.vc_custom_1626897927290{padding-top: 10px !important;padding-bottom: 10px !important;}&#8220;][vc_column width=&#8220;1\/2&#8243;]<h1 class=\"vcex-heading vcex-module wpex-text-2xl wpex-font-normal wpex-m-auto wpex-max-w-100 vcex-heading-plain wpex-h1 wpex-block vc_custom_1624957343353\" style=\"color:var(--wpex-accent);text-transform:uppercase;\"><span class=\"vcex-heading-inner wpex-inline-block wpex-clr\">Aluminiumdeckel<\/span><\/h1>[vc_column_text css=&#8220;.vc_custom_1631614919950{padding-top: 5px !important;}&#8220;]Aluminiumdeckel werden f\u00fcr das Verschlie\u00dfen von Kunststoffbechern f\u00fcr Lebensmittel verwendet. Am h\u00e4ufigsten kommen diese Deckel beim Verschlie\u00dfen von Bechern mit Milchprodukten zum Einsatz, wie etwa Joghurt, Schlagsahne, Aufstriche und \u00c4hnliches. Man findet sie auch bei Verpackungen von Fleisch und S\u00fc\u00dfigkeiten.<\/p>\n<p><strong>Wir bieten mehrere Standarddeckelgr\u00f6\u00dfen:<\/strong><\/p>\n<ul>\n<li>\u00d8 71,5 mm,<\/li>\n<li>\u00d8 75,5 mm,<\/li>\n<li>\u00d8 95,5 mm,<\/li>\n<li>ovale,<\/li>\n<li>sowie andere nach Vereinbarung.<\/li>\n<\/ul>\n<p>Auf Wunsch des Kunden sind wir in der Lage unsere Ger\u00e4te an dessen spezifische Anforderungen anzupassen.<\/p>\n<p><strong>Wir sind den h\u00f6chsten Qualit\u00e4tsstandards verpflichtet und davon zeugen unsere langj\u00e4hrige Erfahrung mit Abnehmern aus anspruchsvollen Branchen, wie Lebensmittelproduktion und pharmazeutischer Industrie.<\/strong>[\/vc_column_text][\/vc_column][vc_column width=&#8220;1\/2&#8243;][vc_single_image image=&#8220;1222&#8243; alignment=&#8220;center&#8220; lightbox_custom_img=&#8220;709&#8243;][\/vc_column][\/vc_row][vc_row full_width=&#8220;stretch_row&#8220; tablet_fullwidth_cols=&#8220;yes&#8220; el_id=&#8220;ino__gallery&#8220;][vc_column]<h1 class=\"vcex-heading vcex-module wpex-text-2xl wpex-font-normal wpex-m-auto wpex-max-w-100 vcex-heading-plain wpex-h1 wpex-block vc_custom_1624957912080\" style=\"color:var(--wpex-accent);text-transform:uppercase;\"><span class=\"vcex-heading-inner wpex-inline-block wpex-clr\">Galerie<\/span><\/h1><div class=\"vcex-image-grid-wrap wpex-clr\"><div class=\"vcex-image-grid-css-wrapper vc_custom_1626901228934\"><div class=\"vcex-module vcex-image-grid wpex-clr grid-style-default wpex-row gap-20 wpex-lightbox-group\"><div class=\"id-1228 vcex-image-grid-entry vcex-grid-item textcenter span_1_of_4 span_1_of_4_tl span_1_of_2_tp span_1_of_3_pl span_1_of_1_pp col col-1\"><figure class=\"vcex-image-grid-entry-figure wpex-last-mb-0 wpex-clr\"><div class=\"vcex-image-grid-entry-img entry-media wpex-mb-20\"><a href=\"https:\/\/ino.si\/wp-content\/uploads\/2021\/07\/ino__aluminij_pokrovcki_i02.jpg\" class=\"vcex-image-grid-entry-img wpex-lightbox-group-item\" ><img width=\"1920\" height=\"1200\" src=\"https:\/\/ino.si\/wp-content\/uploads\/2021\/07\/ino__aluminij_pokrovcki_i02.jpg\" class=\"wpex-align-middle\" alt=\"Aluminiumdeckel\" decoding=\"async\" loading=\"lazy\" srcset=\"https:\/\/ino.si\/wp-content\/uploads\/2021\/07\/ino__aluminij_pokrovcki_i02.jpg 1920w, https:\/\/ino.si\/wp-content\/uploads\/2021\/07\/ino__aluminij_pokrovcki_i02-300x188.jpg 300w, https:\/\/ino.si\/wp-content\/uploads\/2021\/07\/ino__aluminij_pokrovcki_i02-1024x640.jpg 1024w, https:\/\/ino.si\/wp-content\/uploads\/2021\/07\/ino__aluminij_pokrovcki_i02-768x480.jpg 768w, https:\/\/ino.si\/wp-content\/uploads\/2021\/07\/ino__aluminij_pokrovcki_i02-1536x960.jpg 1536w\" sizes=\"(max-width: 1920px) 100vw, 1920px\" \/><\/a><\/div><\/figure><\/div><div class=\"id-1227 vcex-image-grid-entry vcex-grid-item textcenter span_1_of_4 span_1_of_4_tl span_1_of_2_tp span_1_of_3_pl span_1_of_1_pp col col-2\"><figure class=\"vcex-image-grid-entry-figure wpex-last-mb-0 wpex-clr\"><div class=\"vcex-image-grid-entry-img entry-media wpex-mb-20\"><a href=\"https:\/\/ino.si\/wp-content\/uploads\/2021\/07\/ino__aluminij_pokrovcki_i03.jpg\" class=\"vcex-image-grid-entry-img wpex-lightbox-group-item\" ><img width=\"1920\" height=\"1200\" src=\"https:\/\/ino.si\/wp-content\/uploads\/2021\/07\/ino__aluminij_pokrovcki_i03.jpg\" class=\"wpex-align-middle\" alt=\"Aluminiumdeckel\" decoding=\"async\" loading=\"lazy\" srcset=\"https:\/\/ino.si\/wp-content\/uploads\/2021\/07\/ino__aluminij_pokrovcki_i03.jpg 1920w, https:\/\/ino.si\/wp-content\/uploads\/2021\/07\/ino__aluminij_pokrovcki_i03-300x188.jpg 300w, https:\/\/ino.si\/wp-content\/uploads\/2021\/07\/ino__aluminij_pokrovcki_i03-1024x640.jpg 1024w, https:\/\/ino.si\/wp-content\/uploads\/2021\/07\/ino__aluminij_pokrovcki_i03-768x480.jpg 768w, https:\/\/ino.si\/wp-content\/uploads\/2021\/07\/ino__aluminij_pokrovcki_i03-1536x960.jpg 1536w\" sizes=\"(max-width: 1920px) 100vw, 1920px\" \/><\/a><\/div><\/figure><\/div><div class=\"id-1226 vcex-image-grid-entry vcex-grid-item textcenter span_1_of_4 span_1_of_4_tl span_1_of_2_tp span_1_of_3_pl span_1_of_1_pp col col-3\"><figure class=\"vcex-image-grid-entry-figure wpex-last-mb-0 wpex-clr\"><div class=\"vcex-image-grid-entry-img entry-media wpex-mb-20\"><a href=\"https:\/\/ino.si\/wp-content\/uploads\/2021\/07\/ino__aluminij_pokrovcki_i04.jpg\" class=\"vcex-image-grid-entry-img wpex-lightbox-group-item\" ><img width=\"1920\" height=\"1200\" src=\"https:\/\/ino.si\/wp-content\/uploads\/2021\/07\/ino__aluminij_pokrovcki_i04.jpg\" class=\"wpex-align-middle\" alt=\"Aluminiumdeckel\" decoding=\"async\" loading=\"lazy\" srcset=\"https:\/\/ino.si\/wp-content\/uploads\/2021\/07\/ino__aluminij_pokrovcki_i04.jpg 1920w, https:\/\/ino.si\/wp-content\/uploads\/2021\/07\/ino__aluminij_pokrovcki_i04-300x188.jpg 300w, https:\/\/ino.si\/wp-content\/uploads\/2021\/07\/ino__aluminij_pokrovcki_i04-1024x640.jpg 1024w, https:\/\/ino.si\/wp-content\/uploads\/2021\/07\/ino__aluminij_pokrovcki_i04-768x480.jpg 768w, https:\/\/ino.si\/wp-content\/uploads\/2021\/07\/ino__aluminij_pokrovcki_i04-1536x960.jpg 1536w\" sizes=\"(max-width: 1920px) 100vw, 1920px\" \/><\/a><\/div><\/figure><\/div><div class=\"id-1225 vcex-image-grid-entry vcex-grid-item textcenter span_1_of_4 span_1_of_4_tl span_1_of_2_tp span_1_of_3_pl span_1_of_1_pp col col-4\"><figure class=\"vcex-image-grid-entry-figure wpex-last-mb-0 wpex-clr\"><div class=\"vcex-image-grid-entry-img entry-media wpex-mb-20\"><a href=\"https:\/\/ino.si\/wp-content\/uploads\/2021\/07\/ino__aluminij_pokrovcki_i05.jpg\" class=\"vcex-image-grid-entry-img wpex-lightbox-group-item\" ><img width=\"1920\" height=\"1200\" src=\"https:\/\/ino.si\/wp-content\/uploads\/2021\/07\/ino__aluminij_pokrovcki_i05.jpg\" class=\"wpex-align-middle\" alt=\"Aluminiumdeckel\" decoding=\"async\" loading=\"lazy\" srcset=\"https:\/\/ino.si\/wp-content\/uploads\/2021\/07\/ino__aluminij_pokrovcki_i05.jpg 1920w, https:\/\/ino.si\/wp-content\/uploads\/2021\/07\/ino__aluminij_pokrovcki_i05-300x188.jpg 300w, https:\/\/ino.si\/wp-content\/uploads\/2021\/07\/ino__aluminij_pokrovcki_i05-1024x640.jpg 1024w, https:\/\/ino.si\/wp-content\/uploads\/2021\/07\/ino__aluminij_pokrovcki_i05-768x480.jpg 768w, https:\/\/ino.si\/wp-content\/uploads\/2021\/07\/ino__aluminij_pokrovcki_i05-1536x960.jpg 1536w\" sizes=\"(max-width: 1920px) 100vw, 1920px\" \/><\/a><\/div><\/figure><\/div><div class=\"id-1224 vcex-image-grid-entry vcex-grid-item textcenter span_1_of_4 span_1_of_4_tl span_1_of_2_tp span_1_of_3_pl span_1_of_1_pp col col-1\"><figure class=\"vcex-image-grid-entry-figure wpex-last-mb-0 wpex-clr\"><div class=\"vcex-image-grid-entry-img entry-media wpex-mb-20\"><a href=\"https:\/\/ino.si\/wp-content\/uploads\/2021\/07\/ino__aluminij_pokrovcki_i06.jpg\" class=\"vcex-image-grid-entry-img wpex-lightbox-group-item\" ><img width=\"1920\" height=\"1200\" src=\"https:\/\/ino.si\/wp-content\/uploads\/2021\/07\/ino__aluminij_pokrovcki_i06.jpg\" class=\"wpex-align-middle\" alt=\"Aluminiumdeckel\" decoding=\"async\" loading=\"lazy\" srcset=\"https:\/\/ino.si\/wp-content\/uploads\/2021\/07\/ino__aluminij_pokrovcki_i06.jpg 1920w, https:\/\/ino.si\/wp-content\/uploads\/2021\/07\/ino__aluminij_pokrovcki_i06-300x188.jpg 300w, https:\/\/ino.si\/wp-content\/uploads\/2021\/07\/ino__aluminij_pokrovcki_i06-1024x640.jpg 1024w, https:\/\/ino.si\/wp-content\/uploads\/2021\/07\/ino__aluminij_pokrovcki_i06-768x480.jpg 768w, https:\/\/ino.si\/wp-content\/uploads\/2021\/07\/ino__aluminij_pokrovcki_i06-1536x960.jpg 1536w\" sizes=\"(max-width: 1920px) 100vw, 1920px\" \/><\/a><\/div><\/figure><\/div><div class=\"id-1223 vcex-image-grid-entry vcex-grid-item textcenter span_1_of_4 span_1_of_4_tl span_1_of_2_tp span_1_of_3_pl span_1_of_1_pp col col-2\"><figure class=\"vcex-image-grid-entry-figure wpex-last-mb-0 wpex-clr\"><div class=\"vcex-image-grid-entry-img entry-media wpex-mb-20\"><a href=\"https:\/\/ino.si\/wp-content\/uploads\/2021\/07\/ino__aluminij_pokrovcki_i07.jpg\" class=\"vcex-image-grid-entry-img wpex-lightbox-group-item\" ><img width=\"1920\" height=\"1200\" src=\"https:\/\/ino.si\/wp-content\/uploads\/2021\/07\/ino__aluminij_pokrovcki_i07.jpg\" class=\"wpex-align-middle\" alt=\"Aluminiumdeckel\" decoding=\"async\" loading=\"lazy\" srcset=\"https:\/\/ino.si\/wp-content\/uploads\/2021\/07\/ino__aluminij_pokrovcki_i07.jpg 1920w, https:\/\/ino.si\/wp-content\/uploads\/2021\/07\/ino__aluminij_pokrovcki_i07-300x188.jpg 300w, https:\/\/ino.si\/wp-content\/uploads\/2021\/07\/ino__aluminij_pokrovcki_i07-1024x640.jpg 1024w, https:\/\/ino.si\/wp-content\/uploads\/2021\/07\/ino__aluminij_pokrovcki_i07-768x480.jpg 768w, https:\/\/ino.si\/wp-content\/uploads\/2021\/07\/ino__aluminij_pokrovcki_i07-1536x960.jpg 1536w\" sizes=\"(max-width: 1920px) 100vw, 1920px\" \/><\/a><\/div><\/figure><\/div><\/div><\/div><\/div>[\/vc_column][\/vc_row]\n","protected":false},"excerpt":{"rendered":"<p>[vc_row full_width=&#8220;stretch_row&#8220; tablet_fullwidth_cols=&#8220;yes&#8220; css=&#8220;.vc_custom_1626897927290{padding-top: 10px !important;padding-bottom: 10px !important;}&#8220;][vc_column width=&#8220;1\/2&#8243;][vc_column_text css=&#8220;.vc_custom_1631614919950{padding-top: 5px !important;}&#8220;]Aluminiumdeckel werden f\u00fcr das Verschlie\u00dfen von Kunststoffbechern f\u00fcr Lebensmittel verwendet. Am h\u00e4ufigsten kommen diese Deckel beim Verschlie\u00dfen von Bechern mit Milchprodukten zum Einsatz, wie etwa Joghurt, Schlagsahne, Aufstriche und \u00c4hnliches. Man findet sie auch bei Verpackungen von Fleisch und S\u00fc\u00dfigkeiten. Wir bieten mehrere Standarddeckelgr\u00f6\u00dfen:&hellip;<\/p>\n","protected":false},"author":1,"featured_media":0,"parent":0,"menu_order":0,"comment_status":"closed","ping_status":"closed","template":"","meta":[],"_links":{"self":[{"href":"https:\/\/ino.si\/de\/wp-json\/wp\/v2\/pages\/1105"}],"collection":[{"href":"https:\/\/ino.si\/de\/wp-json\/wp\/v2\/pages"}],"about":[{"href":"https:\/\/ino.si\/de\/wp-json\/wp\/v2\/types\/page"}],"author":[{"embeddable":true,"href":"https:\/\/ino.si\/de\/wp-json\/wp\/v2\/users\/1"}],"replies":[{"embeddable":true,"href":"https:\/\/ino.si\/de\/wp-json\/wp\/v2\/comments?post=1105"}],"version-history":[{"count":0,"href":"https:\/\/ino.si\/de\/wp-json\/wp\/v2\/pages\/1105\/revisions"}],"wp:attachment":[{"href":"https:\/\/ino.si\/de\/wp-json\/wp\/v2\/media?parent=1105"}],"curies":[{"name":"wp","href":"https:\/\/api.w.org\/{rel}","templated":true}]}}