{"id":1097,"date":"2021-09-14T11:58:24","date_gmt":"2021-09-14T09:58:24","guid":{"rendered":"https:\/\/ino.si\/weinetiketten\/"},"modified":"2021-09-14T11:59:21","modified_gmt":"2021-09-14T09:59:21","slug":"weinetiketten","status":"publish","type":"page","link":"https:\/\/ino.si\/de\/etiketten\/weinetiketten\/","title":{"rendered":"Weinetiketten"},"content":{"rendered":"[vc_row full_width=&#8220;stretch_row&#8220; tablet_fullwidth_cols=&#8220;yes&#8220; css=&#8220;.vc_custom_1627307051497{padding-top: 10px !important;padding-bottom: 30px !important;}&#8220;][vc_column width=&#8220;1\/2&#8243; css=&#8220;.vc_custom_1623333327290{margin-bottom: 15px !important;}&#8220;]<h1 class=\"vcex-heading vcex-module wpex-text-2xl wpex-font-normal wpex-m-auto wpex-max-w-100 vcex-heading-plain wpex-h1 wpex-block vc_custom_1627306892149\" style=\"color:var(--wpex-accent);text-transform:uppercase;\"><span class=\"vcex-heading-inner wpex-inline-block wpex-clr\">Weinetiketten<\/span><\/h1>[vc_column_text css=&#8220;.vc_custom_1627307098889{padding-top: 5px !important;}&#8220;]Ein qualit\u00e4tvoll verarbeitetes Weinetikett betont den Inhalt der Flasche, der von den sorgsamen H\u00e4nden des Winzers bereitet wurde. Daher nehmen Weinetiketten einen besonderen Platz in der Produktpalette des Grafikunternehmens INO ein. Wir erstellen und drucken die Etiketten mit der gleichen Sorgfalt und Aufmerksamkeit f\u00fcr den Inhalt. Zus\u00e4tzlichen Schutz verleihen wir den Weinetiketten mit einer Zusatzlackierung (matter oder gl\u00e4nzender Lack), Plastifizierung mit Folie, zus\u00e4tzlich gl\u00e4nzender vollfl\u00e4chiger oder partieller UV-Lack.<\/p>\n<p><strong>Zus\u00e4tzlicher Schutz der Etiketten:<\/strong><\/p>\n<ul>\n<li>Lackierung: matter oder gl\u00e4nzender Lack.<\/li>\n<li>Plastifizierung mit Folie.<\/li>\n<li>Gl\u00e4nzender vollfl\u00e4chiger oder partieller Lack.<\/li>\n<\/ul>\n<p><strong>Visuelle Veredelung der Etiketten:<\/strong><\/p>\n<ul>\n<li>Thermotransfer-W\u00e4rmedruck der Folie in Gold- oder Silberfarbe.<\/li>\n<\/ul>\n[\/vc_column_text][\/vc_column][vc_column width=&#8220;1\/2&#8243; css=&#8220;.vc_custom_1623333370312{margin-bottom: 10px !important;}&#8220;][vc_single_image image=&#8220;1011&#8243; alignment=&#8220;center&#8220; lightbox_custom_img=&#8220;867&#8243;][\/vc_column][\/vc_row]\n","protected":false},"excerpt":{"rendered":"<p>[vc_row full_width=&#8220;stretch_row&#8220; tablet_fullwidth_cols=&#8220;yes&#8220; css=&#8220;.vc_custom_1627307051497{padding-top: 10px !important;padding-bottom: 30px !important;}&#8220;][vc_column width=&#8220;1\/2&#8243; css=&#8220;.vc_custom_1623333327290{margin-bottom: 15px !important;}&#8220;][vc_column_text css=&#8220;.vc_custom_1627307098889{padding-top: 5px !important;}&#8220;]Ein qualit\u00e4tvoll verarbeitetes Weinetikett betont den Inhalt der Flasche, der von den sorgsamen H\u00e4nden des Winzers bereitet wurde. Daher nehmen Weinetiketten einen besonderen Platz in der Produktpalette des Grafikunternehmens INO ein. Wir erstellen und drucken die Etiketten mit der gleichen Sorgfalt&hellip;<\/p>\n","protected":false},"author":1,"featured_media":0,"parent":1391,"menu_order":7,"comment_status":"closed","ping_status":"closed","template":"","meta":[],"_links":{"self":[{"href":"https:\/\/ino.si\/de\/wp-json\/wp\/v2\/pages\/1097"}],"collection":[{"href":"https:\/\/ino.si\/de\/wp-json\/wp\/v2\/pages"}],"about":[{"href":"https:\/\/ino.si\/de\/wp-json\/wp\/v2\/types\/page"}],"author":[{"embeddable":true,"href":"https:\/\/ino.si\/de\/wp-json\/wp\/v2\/users\/1"}],"replies":[{"embeddable":true,"href":"https:\/\/ino.si\/de\/wp-json\/wp\/v2\/comments?post=1097"}],"version-history":[{"count":0,"href":"https:\/\/ino.si\/de\/wp-json\/wp\/v2\/pages\/1097\/revisions"}],"up":[{"embeddable":true,"href":"https:\/\/ino.si\/de\/wp-json\/wp\/v2\/pages\/1391"}],"wp:attachment":[{"href":"https:\/\/ino.si\/de\/wp-json\/wp\/v2\/media?parent=1097"}],"curies":[{"name":"wp","href":"https:\/\/api.w.org\/{rel}","templated":true}]}}