{"id":1075,"date":"2021-09-14T11:37:03","date_gmt":"2021-09-14T09:37:03","guid":{"rendered":"https:\/\/ino.si\/qualitaetsziele\/"},"modified":"2021-09-14T11:39:08","modified_gmt":"2021-09-14T09:39:08","slug":"qualitaetsziele","status":"publish","type":"page","link":"https:\/\/ino.si\/de\/qualitaetsziele\/","title":{"rendered":"Qualit\u00e4tsziele"},"content":{"rendered":"[vc_row full_width=&#8220;stretch_row&#8220; tablet_fullwidth_cols=&#8220;yes&#8220; css=&#8220;.vc_custom_1626877168781{padding-top: 10px !important;padding-bottom: 10px !important;}&#8220;][vc_column width=&#8220;1\/2&#8243;]<h1 class=\"vcex-heading vcex-module wpex-text-2xl wpex-font-normal wpex-m-auto wpex-max-w-100 vcex-heading-plain wpex-h1 wpex-block vc_custom_1627311738319\" style=\"color:var(--wpex-accent);text-transform:uppercase;\"><span class=\"vcex-heading-inner wpex-inline-block wpex-clr\">Qualit\u00e4tsziele<\/span><\/h1>[vc_column_text css=&#8220;.vc_custom_1627391634715{padding-top: 5px !important;}&#8220;]\n<ul>\n<li>Erh\u00f6hung der Kundenzufriedenheit.<\/li>\n<li>Verbesserung der Produkt- und Dienstleistungsqualit\u00e4t.<\/li>\n<li>Erh\u00f6hung der Mitarbeiterzufriedenheit.<\/li>\n<li>Erreichung von konkurrenzf\u00e4higen Marktpreisen.<\/li>\n<li>Verfolgen von Markttrends.<\/li>\n<\/ul>\n<p>Die Gesch\u00e4ftsf\u00fchrung und alle Mitarbeiter verpflichten sich zur konsequenten Erf\u00fcllung der Kundenanforderungen und der gesetzlichen Anforderungen sowie der Standards gem\u00e4\u00df SIST EN ISO 9001:2015 und zur st\u00e4ndigen Verbesserung der Produkte, Prozesse und des Managementsystems.<\/p>\n<p>Wir f\u00f6rdern die Weiterbildung aller Besch\u00e4ftigten und f\u00fchren moderne technologische Ger\u00e4te sowie Organisationsl\u00f6sungen ein. So k\u00f6nnen wir Reaktionszeiten verk\u00fcrzen, Kosten senken und die Qualit\u00e4t der produzierten Teile erh\u00f6hen.<\/p>\n<p>Unserer Meinung nach ist Qualit\u00e4t f\u00fcr unsere Kunden das Wichtigste. Daher hat sich die Gesch\u00e4ftsf\u00fchrung zur Entwicklung, Einf\u00fchrung und Einhaltung eines Quali\u00e4tssystems gem\u00e4\u00df den Anforderungen der internationalen Norm ISO 9001:2015 entschieden. Durch konsequente Einhaltung der Qualit\u00e4tspolitik, der Prozesse des Qualit\u00e4tssystems und st\u00e4ndigen Verbesserungen schaffen wir hochwertige Produkte und Dienstleistungen. Dabei ist es unser Ziel, die Zufriedenheit der Kunden, Mitarbeiter, Eigent\u00fcmer sowie einer breiteren sozialen Gemeinschaft zu erh\u00f6hen.[\/vc_column_text][\/vc_column][vc_column width=&#8220;1\/2&#8243; css=&#8220;.vc_custom_1627391670032{margin-bottom: 15px !important;}&#8220;][vc_single_image image=&#8220;995&#8243; alignment=&#8220;center&#8220; style=&#8220;vc_box_shadow_3d&#8220; lightbox_custom_img=&#8220;911&#8243;][\/vc_column][\/vc_row][vc_row full_width=&#8220;stretch_row&#8220; tablet_fullwidth_cols=&#8220;yes&#8220; css=&#8220;.vc_custom_1627391547708{padding-top: 20px !important;padding-bottom: 10px !important;}&#8220;][vc_column width=&#8220;1\/2&#8243;]<h1 class=\"vcex-heading vcex-module wpex-text-2xl wpex-font-normal wpex-m-auto wpex-max-w-100 vcex-heading-plain wpex-h1 wpex-block vc_custom_1627312256883\" style=\"color:var(--wpex-accent);text-transform:uppercase;\"><span class=\"vcex-heading-inner wpex-inline-block wpex-clr\">Ans\u00e4tze<\/span><\/h1>[vc_column_text css=&#8220;.vc_custom_1627391683932{padding-top: 5px !important;}&#8220;]<strong>Die Erf\u00fcllung der obigen Verpflichtungen beruht auf folgenden Ans\u00e4tzen:<\/strong><\/p>\n<ul>\n<li>Die Bed\u00fcrfnisse, Anforderungen und Erwartungen unserer Kunden werden von uns in einem offenen Kommunikationsklima erfasst. Au\u00dferdem wird die Zufriedenheit mit unseren Dienstleistungen laufend \u00fcberpr\u00fcft.<\/li>\n<li>Unsere Prozesse werden durch Weiterbildung unseres Personals, durch die Einf\u00fchrung neuer L\u00f6sungen, die F\u00f6rderung von Verbesserungsvorschl\u00e4gen und die Messung der erreichten Ergebnisse verbessert.<\/li>\n<li>Wir sorgen f\u00fcr Arbeitssicherheit und Gesundheit der Mitarbeiter durch die Einf\u00fchrung von Pr\u00e4ventivma\u00dfnahmen zur Verbesserung der Arbeitsumgebung.<\/li>\n<li>Durch die Einhaltung von Umweltschutzprinzipien und M\u00fclltrennung leisten wir einen Beitrag zur Gesundheit, zum Wohlergehen und zu einer h\u00f6heren Lebensqualit\u00e4t im lokalen und weiteren sozialen Umfeld.<\/li>\n<li>Konkurrenzf\u00e4hige Preise werden durch st\u00e4ndige Kostensenkung und die Durchf\u00fchrung von Pr\u00e4ventivma\u00dfnahmen erreicht.<\/li>\n<li>Die Erreichung der von unseren Kunden geforderten Fristen stellen wir mit einer effizienten Arbeitsaufteilung, der Kontrolle der Durchf\u00fchrungsfristen und der Durchsetzung von pers\u00f6nlicher Verantwortung f\u00fcr die einzelnen Phasen des Produktionsprozesses sicher.<\/li>\n<\/ul>\n[\/vc_column_text][\/vc_column][vc_column width=&#8220;1\/2&#8243; css=&#8220;.vc_custom_1627391697152{margin-bottom: 15px !important;}&#8220;][vc_single_image image=&#8220;997&#8243; alignment=&#8220;center&#8220; style=&#8220;vc_box_shadow_3d&#8220; lightbox_custom_img=&#8220;910&#8243;][\/vc_column][\/vc_row][vc_row full_width=&#8220;stretch_row&#8220; tablet_fullwidth_cols=&#8220;yes&#8220; css=&#8220;.vc_custom_1627391779860{padding-top: 20px !important;padding-bottom: 10px !important;}&#8220;][vc_column width=&#8220;1\/2&#8243;]<h1 class=\"vcex-heading vcex-module wpex-text-2xl wpex-font-normal wpex-m-auto wpex-max-w-100 vcex-heading-plain wpex-h1 wpex-block vc_custom_1627312340456\" style=\"color:var(--wpex-accent);text-transform:uppercase;\"><span class=\"vcex-heading-inner wpex-inline-block wpex-clr\">Personal und Jobs<\/span><\/h1>[vc_column_text css=&#8220;.vc_custom_1627391705123{padding-top: 5px !important;}&#8220;]Derzeit gibt es keine ausgeschriebenen freien Stellen, jedoch k\u00f6nnen Sie uns trotzdem sehr gerne Ihre Kontaktdaten per E-Mail an <a href=\"mailto:darja@ino.si\">darja@ino.si<\/a> \u00fcbermitteln. Falls wir neue Mitarbeiter suchen, werden wir Sie dar\u00fcber informieren.[\/vc_column_text][\/vc_column][vc_column width=&#8220;1\/2&#8243;][vc_single_image image=&#8220;999&#8243; alignment=&#8220;center&#8220; style=&#8220;vc_box_shadow_3d&#8220; lightbox_custom_img=&#8220;909&#8243;][\/vc_column][\/vc_row]\n","protected":false},"excerpt":{"rendered":"<p>[vc_row full_width=&#8220;stretch_row&#8220; tablet_fullwidth_cols=&#8220;yes&#8220; css=&#8220;.vc_custom_1626877168781{padding-top: 10px !important;padding-bottom: 10px !important;}&#8220;][vc_column width=&#8220;1\/2&#8243;][vc_column_text css=&#8220;.vc_custom_1627391634715{padding-top: 5px !important;}&#8220;] Erh\u00f6hung der Kundenzufriedenheit. Verbesserung der Produkt- und Dienstleistungsqualit\u00e4t. Erh\u00f6hung der Mitarbeiterzufriedenheit. Erreichung von konkurrenzf\u00e4higen Marktpreisen. Verfolgen von Markttrends. Die Gesch\u00e4ftsf\u00fchrung und alle Mitarbeiter verpflichten sich zur konsequenten Erf\u00fcllung der Kundenanforderungen und der gesetzlichen Anforderungen sowie der Standards gem\u00e4\u00df SIST EN ISO 9001:2015 und&hellip;<\/p>\n","protected":false},"author":1,"featured_media":0,"parent":0,"menu_order":1,"comment_status":"closed","ping_status":"closed","template":"","meta":[],"_links":{"self":[{"href":"https:\/\/ino.si\/de\/wp-json\/wp\/v2\/pages\/1075"}],"collection":[{"href":"https:\/\/ino.si\/de\/wp-json\/wp\/v2\/pages"}],"about":[{"href":"https:\/\/ino.si\/de\/wp-json\/wp\/v2\/types\/page"}],"author":[{"embeddable":true,"href":"https:\/\/ino.si\/de\/wp-json\/wp\/v2\/users\/1"}],"replies":[{"embeddable":true,"href":"https:\/\/ino.si\/de\/wp-json\/wp\/v2\/comments?post=1075"}],"version-history":[{"count":0,"href":"https:\/\/ino.si\/de\/wp-json\/wp\/v2\/pages\/1075\/revisions"}],"wp:attachment":[{"href":"https:\/\/ino.si\/de\/wp-json\/wp\/v2\/media?parent=1075"}],"curies":[{"name":"wp","href":"https:\/\/api.w.org\/{rel}","templated":true}]}}