{"id":1059,"date":"2021-09-14T11:23:42","date_gmt":"2021-09-14T09:23:42","guid":{"rendered":"https:\/\/ino.si\/ueber-uns\/"},"modified":"2021-09-27T14:34:53","modified_gmt":"2021-09-27T12:34:53","slug":"ueber-uns","status":"publish","type":"page","link":"https:\/\/ino.si\/de\/ueber-uns\/","title":{"rendered":"\u00dcber uns"},"content":{"rendered":"[vc_row full_width=&#8220;stretch_row&#8220; tablet_fullwidth_cols=&#8220;yes&#8220; css=&#8220;.vc_custom_1626877168781{padding-top: 10px !important;padding-bottom: 10px !important;}&#8220;][vc_column width=&#8220;1\/2&#8243;]<h1 class=\"vcex-heading vcex-module wpex-text-2xl wpex-font-normal wpex-m-auto wpex-max-w-100 vcex-heading-plain wpex-h1 wpex-block vc_custom_1624956775164\" style=\"color:var(--wpex-accent);text-transform:uppercase;\"><span class=\"vcex-heading-inner wpex-inline-block wpex-clr\">\u00dcber uns<\/span><\/h1>[vc_column_text css=&#8220;.vc_custom_1624954811965{padding-top: 5px !important;padding-bottom: 30px !important;}&#8220;]INO d.o.o. wurde 1990 als Familienunternehmen gegr\u00fcndet. Die ersten Produktionsbetriebe erm\u00f6glichten uns das Drucken von Computerformularen f\u00fcr die mechanische Datenverarbeitung und andere einfache Drucksachen. Der erste Meilenstein in der Entwicklung war 1995 als wir das Angebot mit dem Program der Selbstklebeetiketten und Werbedrucksachen ausdehnten. Aufgrund der Marktentwicklung, \u00c4nderungen in der Produktion und bei der Verwendung von Computerformularen erweiterten wir unser Angebot mit Selbstklebeetiketten und flexibler Verpackung. Gemeinsam haben wir eine Arbeitsumgebung geschaffen, in der Erfahrung und Wissen aus 30 Jahren zum besten Ergebnis f\u00fchren.[\/vc_column_text]<h1 class=\"vcex-heading vcex-module wpex-text-2xl wpex-font-normal wpex-m-auto wpex-max-w-100 vcex-heading-plain wpex-h1 wpex-block vc_custom_1624956799486\" style=\"color:var(--wpex-accent);text-transform:uppercase;\"><span class=\"vcex-heading-inner wpex-inline-block wpex-clr\">Unsere vorz\u00fcge und unsere vision<\/span><\/h1>[vc_column_text css=&#8220;.vc_custom_1624954794726{padding-top: 5px !important;}&#8220;]Unsere bedeutenden Vorz\u00fcge gegen\u00fcber der Konkurrenz sind eine qualit\u00e4tvolle grafische Druckvorbereitung, der Druck variabler Daten, H\u00fcllen, Pr\u00e4gung, Thermofoliendruck, Laminierung, UV-Lackierung, Herstellung integrierter Eindr\u00fccke, die verschiedene Drucktechniken und ihre Kombination erm\u00f6glichen. Durch Investitionen konnten wir Produktionskapazit\u00e4ten erh\u00f6hen und neue Technologien einf\u00fchren, die uns eine Weiterentwicklung in den n\u00e4chsten Jahren erm\u00f6glichen. Wir sind uns bewusst, dass der erste Eindruck des Produkts auf den Verkaufsregalen sehr wichtig ist, daher streben wir danach, dass wir mit Wissen, Technologie und Kreativit\u00e4t gemeinsam dieses Ziel erreichen. Die Gesch\u00e4ftsf\u00fchrung und alle Mitarbeiter engagieren sich f\u00fcr die konsequente Erf\u00fcllung der Kundenanforderungen sowie der rechtlichen Anforderungen und der Standards gem\u00e4\u00df SIST EN ISO 9001: 2015. Au\u00dferdem sind wir st\u00e4ndig dabei unsere Erzeugnisse, Verfahren und Managementsysteme zu verbessern. Unsere Vision besteht darin, zu wachsen und eines der f\u00fchrenden Druckzentren f\u00fcr flexible Verpackungen in Europa zu werden.[\/vc_column_text][\/vc_column][vc_column width=&#8220;1\/2&#8243;][vc_single_image image=&#8220;1054&#8243; alignment=&#8220;center&#8220; style=&#8220;vc_box_shadow_3d&#8220; lightbox_custom_img=&#8220;536&#8243;][\/vc_column][\/vc_row][vc_row full_width=&#8220;stretch_row&#8220; tablet_fullwidth_cols=&#8220;yes&#8220;][vc_column]<h1 class=\"vcex-heading vcex-module wpex-text-2xl wpex-font-normal wpex-m-auto wpex-max-w-100 vcex-heading-plain wpex-h1 wpex-block vc_custom_1624956007762\" style=\"color:var(--wpex-accent);text-transform:uppercase;\"><span class=\"vcex-heading-inner wpex-inline-block wpex-clr\">Galerie<\/span><\/h1><div class=\"vcex-image-grid-wrap wpex-clr\"><div class=\"vcex-image-grid-css-wrapper vc_custom_1632745074232\"><div class=\"vcex-module vcex-image-grid wpex-clr grid-style-default wpex-row gap-15 wpex-lightbox-group\"><div class=\"id-1055 vcex-image-grid-entry vcex-grid-item textcenter span_1_of_4 span_1_of_4_tl span_1_of_2_tp span_1_of_3_pl span_1_of_1_pp col col-1\"><figure class=\"vcex-image-grid-entry-figure wpex-last-mb-0 wpex-clr\"><div class=\"vcex-image-grid-entry-img entry-media wpex-rounded wpex-mb-20\"><a href=\"https:\/\/ino.si\/wp-content\/uploads\/2021\/06\/ino__o_podjetju_s04.jpg\" class=\"vcex-image-grid-entry-img wpex-lightbox-group-item\" ><img width=\"1920\" height=\"1200\" src=\"https:\/\/ino.si\/wp-content\/uploads\/2021\/06\/ino__o_podjetju_s04.jpg\" class=\"wpex-align-middle wpex-rounded\" alt=\"INO grafi\u010dno podjetje\" decoding=\"async\" loading=\"lazy\" srcset=\"https:\/\/ino.si\/wp-content\/uploads\/2021\/06\/ino__o_podjetju_s04.jpg 1920w, https:\/\/ino.si\/wp-content\/uploads\/2021\/06\/ino__o_podjetju_s04-300x188.jpg 300w, https:\/\/ino.si\/wp-content\/uploads\/2021\/06\/ino__o_podjetju_s04-1024x640.jpg 1024w, https:\/\/ino.si\/wp-content\/uploads\/2021\/06\/ino__o_podjetju_s04-768x480.jpg 768w, https:\/\/ino.si\/wp-content\/uploads\/2021\/06\/ino__o_podjetju_s04-1536x960.jpg 1536w\" sizes=\"(max-width: 1920px) 100vw, 1920px\" \/><\/a><\/div><\/figure><\/div><div class=\"id-1053 vcex-image-grid-entry vcex-grid-item textcenter span_1_of_4 span_1_of_4_tl span_1_of_2_tp span_1_of_3_pl span_1_of_1_pp col col-2\"><figure class=\"vcex-image-grid-entry-figure wpex-last-mb-0 wpex-clr\"><div class=\"vcex-image-grid-entry-img entry-media wpex-rounded wpex-mb-20\"><a href=\"https:\/\/ino.si\/wp-content\/uploads\/2021\/06\/ino__o_podjetju_s05.jpg\" class=\"vcex-image-grid-entry-img wpex-lightbox-group-item\" ><img width=\"1920\" height=\"1200\" src=\"https:\/\/ino.si\/wp-content\/uploads\/2021\/06\/ino__o_podjetju_s05.jpg\" class=\"wpex-align-middle wpex-rounded\" alt=\"INO grafi\u010dno podjetje\" decoding=\"async\" loading=\"lazy\" srcset=\"https:\/\/ino.si\/wp-content\/uploads\/2021\/06\/ino__o_podjetju_s05.jpg 1920w, https:\/\/ino.si\/wp-content\/uploads\/2021\/06\/ino__o_podjetju_s05-300x188.jpg 300w, https:\/\/ino.si\/wp-content\/uploads\/2021\/06\/ino__o_podjetju_s05-1024x640.jpg 1024w, https:\/\/ino.si\/wp-content\/uploads\/2021\/06\/ino__o_podjetju_s05-768x480.jpg 768w, https:\/\/ino.si\/wp-content\/uploads\/2021\/06\/ino__o_podjetju_s05-1536x960.jpg 1536w\" sizes=\"(max-width: 1920px) 100vw, 1920px\" \/><\/a><\/div><\/figure><\/div><div class=\"id-1052 vcex-image-grid-entry vcex-grid-item textcenter span_1_of_4 span_1_of_4_tl span_1_of_2_tp span_1_of_3_pl span_1_of_1_pp col col-3\"><figure class=\"vcex-image-grid-entry-figure wpex-last-mb-0 wpex-clr\"><div class=\"vcex-image-grid-entry-img entry-media wpex-rounded wpex-mb-20\"><a href=\"https:\/\/ino.si\/wp-content\/uploads\/2021\/06\/ino__o_podjetju_s06.jpg\" class=\"vcex-image-grid-entry-img wpex-lightbox-group-item\" ><img width=\"1920\" height=\"1200\" src=\"https:\/\/ino.si\/wp-content\/uploads\/2021\/06\/ino__o_podjetju_s06.jpg\" class=\"wpex-align-middle wpex-rounded\" alt=\"INO grafi\u010dno podjetje\" decoding=\"async\" loading=\"lazy\" srcset=\"https:\/\/ino.si\/wp-content\/uploads\/2021\/06\/ino__o_podjetju_s06.jpg 1920w, https:\/\/ino.si\/wp-content\/uploads\/2021\/06\/ino__o_podjetju_s06-300x188.jpg 300w, https:\/\/ino.si\/wp-content\/uploads\/2021\/06\/ino__o_podjetju_s06-1024x640.jpg 1024w, https:\/\/ino.si\/wp-content\/uploads\/2021\/06\/ino__o_podjetju_s06-768x480.jpg 768w, https:\/\/ino.si\/wp-content\/uploads\/2021\/06\/ino__o_podjetju_s06-1536x960.jpg 1536w\" sizes=\"(max-width: 1920px) 100vw, 1920px\" \/><\/a><\/div><\/figure><\/div><div class=\"id-1051 vcex-image-grid-entry vcex-grid-item textcenter span_1_of_4 span_1_of_4_tl span_1_of_2_tp span_1_of_3_pl span_1_of_1_pp col col-4\"><figure class=\"vcex-image-grid-entry-figure wpex-last-mb-0 wpex-clr\"><div class=\"vcex-image-grid-entry-img entry-media wpex-rounded wpex-mb-20\"><a href=\"https:\/\/ino.si\/wp-content\/uploads\/2021\/06\/ino__o_podjetju_s07.jpg\" class=\"vcex-image-grid-entry-img wpex-lightbox-group-item\" ><img width=\"1920\" height=\"1200\" src=\"https:\/\/ino.si\/wp-content\/uploads\/2021\/06\/ino__o_podjetju_s07.jpg\" class=\"wpex-align-middle wpex-rounded\" alt=\"INO grafi\u010dno podjetje\" decoding=\"async\" loading=\"lazy\" srcset=\"https:\/\/ino.si\/wp-content\/uploads\/2021\/06\/ino__o_podjetju_s07.jpg 1920w, https:\/\/ino.si\/wp-content\/uploads\/2021\/06\/ino__o_podjetju_s07-300x188.jpg 300w, https:\/\/ino.si\/wp-content\/uploads\/2021\/06\/ino__o_podjetju_s07-1024x640.jpg 1024w, https:\/\/ino.si\/wp-content\/uploads\/2021\/06\/ino__o_podjetju_s07-768x480.jpg 768w, https:\/\/ino.si\/wp-content\/uploads\/2021\/06\/ino__o_podjetju_s07-1536x960.jpg 1536w\" sizes=\"(max-width: 1920px) 100vw, 1920px\" \/><\/a><\/div><\/figure><\/div><\/div><\/div><\/div>[\/vc_column][\/vc_row]\n","protected":false},"excerpt":{"rendered":"<p>[vc_row full_width=&#8220;stretch_row&#8220; tablet_fullwidth_cols=&#8220;yes&#8220; css=&#8220;.vc_custom_1626877168781{padding-top: 10px !important;padding-bottom: 10px !important;}&#8220;][vc_column width=&#8220;1\/2&#8243;][vc_column_text css=&#8220;.vc_custom_1624954811965{padding-top: 5px !important;padding-bottom: 30px !important;}&#8220;]INO d.o.o. wurde 1990 als Familienunternehmen gegr\u00fcndet. Die ersten Produktionsbetriebe erm\u00f6glichten uns das Drucken von Computerformularen f\u00fcr die mechanische Datenverarbeitung und andere einfache Drucksachen. Der erste Meilenstein in der Entwicklung war 1995 als wir das Angebot mit dem Program der Selbstklebeetiketten und&hellip;<\/p>\n","protected":false},"author":1,"featured_media":0,"parent":0,"menu_order":0,"comment_status":"closed","ping_status":"closed","template":"","meta":[],"_links":{"self":[{"href":"https:\/\/ino.si\/de\/wp-json\/wp\/v2\/pages\/1059"}],"collection":[{"href":"https:\/\/ino.si\/de\/wp-json\/wp\/v2\/pages"}],"about":[{"href":"https:\/\/ino.si\/de\/wp-json\/wp\/v2\/types\/page"}],"author":[{"embeddable":true,"href":"https:\/\/ino.si\/de\/wp-json\/wp\/v2\/users\/1"}],"replies":[{"embeddable":true,"href":"https:\/\/ino.si\/de\/wp-json\/wp\/v2\/comments?post=1059"}],"version-history":[{"count":0,"href":"https:\/\/ino.si\/de\/wp-json\/wp\/v2\/pages\/1059\/revisions"}],"wp:attachment":[{"href":"https:\/\/ino.si\/de\/wp-json\/wp\/v2\/media?parent=1059"}],"curies":[{"name":"wp","href":"https:\/\/api.w.org\/{rel}","templated":true}]}}